{"id":18377,"date":"2021-11-06T17:35:12","date_gmt":"2021-11-07T00:35:12","guid":{"rendered":"https:\/\/www.allfive.org\/?page_id=18377"},"modified":"2024-04-09T17:10:28","modified_gmt":"2024-04-10T00:10:28","slug":"programs","status":"publish","type":"page","link":"https:\/\/www.allfive.org\/es\/programs\/","title":{"rendered":"Programas"},"content":{"rendered":"<div id=\"cmsmasters_row_m8d9sy89e8\" class=\"cmsmasters_row cmsmasters_color_scheme_default hide cmsmasters_row_top_default cmsmasters_row_bot_default cmsmasters_row_boxed\">\n<div class=\"cmsmasters_row_outer_parent\">\n<div class=\"cmsmasters_row_overlay\"><\/div>\n<div class=\"cmsmasters_row_outer\">\n<div class=\"cmsmasters_row_inner cmsmasters_row_no_margin\">\n<div class=\"cmsmasters_row_margin\">\n<div id=\"cmsmasters_column_eb43bdf8c1\" class=\"cmsmasters_column one_first\">\n<div class=\"cmsmasters_column_inner\"><div id=\"cmsmasters_heading_rtqm267l0l\" class=\"cmsmasters_heading_wrap cmsmasters_heading_align_center\">\n\t<h2 class=\"cmsmasters_heading\">Dime y me olvido. Ens\u00e9\u00f1ame y lo recuerdo. Involucrarme y aprendo.<\/h2>\n<\/div><div id=\"cmsmasters_fb_k1xsbqh94g\" class=\"cmsmasters_featured_block\">\n<div class=\"featured_block_inner\">\n<div class=\"featured_block_text\">\n<div id=\"cmsmasters_heading_k1xsbqh94g\" class=\"cmsmasters_heading_wrap cmsmasters_heading_align_center\">\n\t<h3 class=\"cmsmasters_heading\">- Benjamin Franklin<\/h3>\n<\/div>\n\n<\/div>\n<\/div>\n<\/div>\n<\/div><\/div>\n<\/div>\n<\/div>\n<\/div>\n<\/div>\n<\/div>\n<div id=\"cmsmasters_row_5v8vpv65v\" class=\"cmsmasters_row cmsmasters_color_scheme_default cmsmasters_row_top_default cmsmasters_row_bot_default cmsmasters_row_boxed\">\n<div class=\"cmsmasters_row_outer_parent\">\n<div class=\"cmsmasters_row_outer\">\n<div class=\"cmsmasters_row_inner\">\n<div class=\"cmsmasters_row_margin\">\n<div id=\"cmsmasters_column_rpau9vpjbo\" class=\"cmsmasters_column one_half\">\n<div class=\"cmsmasters_column_inner\"><div id=\"cmsmasters_heading_lyikld9lfl\" class=\"cmsmasters_heading_wrap cmsmasters_heading_align_center program-header\">\n\t<h2 class=\"cmsmasters_heading\">Programa para beb\u00e9s y ni\u00f1os<\/h2>\n<\/div><div class=\"cmsmasters_text\">\n<p style=\"text-align: center; margin: 0px 24px 0px 24px;\"><strong>Para beb\u00e9s y ni\u00f1os peque\u00f1os, 6 semanas \u2013 2 a\u00f1os 9 meses<\/strong><\/p>\n<p style=\"text-align: center;\"><span style=\"font-weight: 400;\">D\u00cdA COMPLETO<\/span><\/p>\n<p style=\"text-align: center;\"><strong>7:30 AM A 5:30 PM<\/strong><\/p>\n<\/div>\n<div id=\"cmsmasters_button_s1bvktt1ef\" class=\"button_wrap\"><a href=\"https:\/\/www.allfive.org\/kriewall-haehl-infant-toddler-program\/\" class=\"cmsmasters_button\"><span>Obtenga m\u00e1s informaci\u00f3n aqu\u00ed<\/span><\/a><\/div>\n<div class=\"cmsmasters_text\">\n<p>&nbsp;<\/p>\n<\/div>\n<\/div><\/div>\n<div id=\"cmsmasters_column_5elmvgyrk\" class=\"cmsmasters_column one_half\">\n<div class=\"cmsmasters_column_inner\"><div id=\"cmsmasters_heading_jdy7hm42at\" class=\"cmsmasters_heading_wrap cmsmasters_heading_align_center program-header h2\">\n\t<h2 class=\"cmsmasters_heading\">Programa Preescolar<\/h2>\n<\/div><div class=\"cmsmasters_text\">\n<p style=\"text-align: center; margin: 0px 24px 0px 24px;\"><strong>Para ni\u00f1os en edad preescolar, 2 a\u00f1os 9 meses \u2013 5 a\u00f1os<\/strong><\/p>\n<p style=\"text-align: center;\"><span style=\"font-weight: 400;\">D\u00cdA COMPLETO<\/span><\/p>\n<p style=\"text-align: center;\"><strong>7:30 AM A 5:30 PM<\/strong><\/p>\n<\/div>\n<div id=\"cmsmasters_button_vagomn98n\" class=\"button_wrap\"><a href=\"https:\/\/www.allfive.org\/preschool-program\/\" class=\"cmsmasters_button\"><span>Obtenga m\u00e1s informaci\u00f3n aqu\u00ed<\/span><\/a><\/div>\n<div class=\"cmsmasters_text\">\n<p>&nbsp;<\/p>\n<\/div>\n<\/div><\/div>\n<\/div>\n<\/div>\n<\/div>\n<\/div>\n<\/div>","protected":false},"excerpt":{"rendered":"","protected":false},"author":13,"featured_media":0,"parent":0,"menu_order":0,"comment_status":"closed","ping_status":"closed","template":"","meta":{"footnotes":""},"class_list":["post-18377","page","type-page","status-publish","hentry"],"_links":{"self":[{"href":"https:\/\/www.allfive.org\/es\/wp-json\/wp\/v2\/pages\/18377","targetHints":{"allow":["GET"]}}],"collection":[{"href":"https:\/\/www.allfive.org\/es\/wp-json\/wp\/v2\/pages"}],"about":[{"href":"https:\/\/www.allfive.org\/es\/wp-json\/wp\/v2\/types\/page"}],"author":[{"embeddable":true,"href":"https:\/\/www.allfive.org\/es\/wp-json\/wp\/v2\/users\/13"}],"replies":[{"embeddable":true,"href":"https:\/\/www.allfive.org\/es\/wp-json\/wp\/v2\/comments?post=18377"}],"version-history":[{"count":3,"href":"https:\/\/www.allfive.org\/es\/wp-json\/wp\/v2\/pages\/18377\/revisions"}],"predecessor-version":[{"id":19649,"href":"https:\/\/www.allfive.org\/es\/wp-json\/wp\/v2\/pages\/18377\/revisions\/19649"}],"wp:attachment":[{"href":"https:\/\/www.allfive.org\/es\/wp-json\/wp\/v2\/media?parent=18377"}],"curies":[{"name":"wp","href":"https:\/\/api.w.org\/{rel}","templated":true}]}}