{"id":17962,"date":"2020-12-29T14:30:48","date_gmt":"2020-12-29T22:30:48","guid":{"rendered":"https:\/\/www.allfive.org\/?page_id=17962"},"modified":"2026-01-21T13:46:23","modified_gmt":"2026-01-21T21:46:23","slug":"allfive-careers","status":"publish","type":"page","link":"https:\/\/www.allfive.org\/es\/get-involved\/allfive-careers\/","title":{"rendered":"Carreras"},"content":{"rendered":"<div id=\"cmsmasters_row_nqoc91u89s\" class=\"cmsmasters_row cmsmasters_color_scheme_default cmsmasters_row_top_default cmsmasters_row_bot_default cmsmasters_row_fullwidth\">\n<div class=\"cmsmasters_row_outer_parent\">\n<div class=\"cmsmasters_row_outer\">\n<div class=\"cmsmasters_row_inner cmsmasters_row_fullwidth\">\n<div class=\"cmsmasters_row_margin\">\n<div id=\"cmsmasters_column_k39dbcty1c\" class=\"cmsmasters_column one_first\">\n<div class=\"cmsmasters_column_inner\">\n<div class=\"cmsmasters_slider\">\n\t\t\t<!-- START Careers REVOLUTION SLIDER 6.7.0 --><p class=\"rs-p-wp-fix\"><\/p>\n\t\t\t<rs-module-wrap id=\"rev_slider_9_1_wrapper\" data-source=\"gallery\" style=\"visibility:hidden;background:transparent;padding:0;margin:0px auto;margin-top:0;margin-bottom:0;\">\n\t\t\t\t<rs-module id=\"rev_slider_9_1\" style=\"\" data-version=\"6.7.0\">\n\t\t\t\t\t<rs-slides style=\"overflow: hidden; position: absolute;\">\n\t\t\t\t\t\t<rs-slide style=\"position: absolute;\" data-key=\"rs-82\" data-title=\"Slide\" data-in=\"o:0;\" data-out=\"a:false;\">\n\t\t\t\t\t\t\t<img decoding=\"async\" src=\"\/\/www.allfive.org\/wp-content\/plugins\/revslider\/sr6\/assets\/assets\/dummy.png\" alt=\"Two babies in a pile of leaves\" title=\"babies-in-leaves\" width=\"1200\" height=\"686\" class=\"rev-slidebg tp-rs-img rs-lazyload\" data-lazyload=\"\/\/www.allfive.org\/wp-content\/uploads\/2024\/12\/babies-in-leaves.jpeg\" data-no-retina>\n<!---->\t\t\t\t\t<\/rs-slide>\n\t\t\t\t\t<\/rs-slides>\n\t\t\t\t\t<rs-static-layers class=\"rs-stl-visible\"><!--\n\t\t\t\t\t--><\/rs-static-layers>\n\t\t\t\t<\/rs-module>\n\t\t\t\t<script>\n\t\t\t\t\tsetREVStartSize({c: 'rev_slider_9_1',rl:[1240,1024,778,480],el:[900,900,560,360],gw:[1240,1024,778,480],gh:[900,743,565,349],type:'standard',justify:'',layout:'fullwidth',mh:\"0\"});if (window.RS_MODULES!==undefined && window.RS_MODULES.modules!==undefined && window.RS_MODULES.modules[\"revslider91\"]!==undefined) {window.RS_MODULES.modules[\"revslider91\"].once = false;window.revapi9 = undefined;if (window.RS_MODULES.checkMinimal!==undefined) window.RS_MODULES.checkMinimal()}\n\t\t\t\t<\/script>\n\t\t\t<\/rs-module-wrap>\n\t\t\t<!-- END REVOLUTION SLIDER -->\n<\/div>\n<\/div><\/div>\n<\/div>\n<\/div>\n<\/div>\n<\/div>\n<\/div>\n<div id=\"cmsmasters_row_ya7ys4p8y\" class=\"cmsmasters_row cmsmasters_color_scheme_default cmsmasters_row_top_default cmsmasters_row_bot_default cmsmasters_row_boxed\">\n<div class=\"cmsmasters_row_outer_parent\">\n<div class=\"cmsmasters_row_outer\">\n<div class=\"cmsmasters_row_inner\">\n<div class=\"cmsmasters_row_margin\">\n<div id=\"cmsmasters_column_v62zdxqsep\" class=\"cmsmasters_column one_first\">\n<div class=\"cmsmasters_column_inner\"><div id=\"cmsmasters_heading_j9inrgvh4\" class=\"cmsmasters_heading_wrap cmsmasters_heading_align_center\">\n\t<h2 class=\"cmsmasters_heading\">Join Our Team!<\/h2>\n<\/div>\n<\/div><\/div>\n<\/div>\n<\/div>\n<\/div>\n<\/div>\n<\/div>\n<div id=\"cmsmasters_row_qaou6csbv\" class=\"cmsmasters_row cmsmasters_color_scheme_default cmsmasters_row_top_default cmsmasters_row_bot_default cmsmasters_row_boxed\">\n<div class=\"cmsmasters_row_outer_parent\">\n<div class=\"cmsmasters_row_outer\">\n<div class=\"cmsmasters_row_inner\">\n<div class=\"cmsmasters_row_margin\">\n<div id=\"cmsmasters_column_53ji3cnw4e\" class=\"cmsmasters_column one_first\">\n<div class=\"cmsmasters_column_inner\"><div class=\"cmsmasters_text\">\n<p><span style=\"font-weight: 400;\">At All Five we value the importance of a high-quality early childhood education. <\/span><span style=\"font-weight: 400;\">We believe all families, no matter their background, should have access to high-quality early childhood education for their children in a nurturing and respectful learning community. <\/span><span style=\"font-weight: 400;\">\u00a0<\/span><\/p>\n<p><span style=\"font-weight: 400;\">We are a diverse, passionate team that loves nothing more than to work with young children and best support them, and their families, during their early childhood education. Here at All Five, we are <\/span><span style=\"font-weight: 400;\">committed to building an equitable society beginning with the first five years of life.<\/span><\/p>\n<p><span style=\"font-weight: 400;\">We are committed to supporting our mission-driven team members with the following benefits:<\/span><\/p>\n<p><span style=\"font-weight: 400;\">HUMAN RESOURCE BENEFITS:<\/span><\/p>\n<ul>\n<li style=\"font-weight: 400;\" aria-level=\"1\"><span style=\"font-weight: 400;\">Healthcare plan and life insurance<\/span><\/li>\n<li aria-level=\"1\">Paid holidays and time off (PTO)<\/li>\n<li style=\"font-weight: 400;\" aria-level=\"1\"><span style=\"font-weight: 400;\">Cell phone reimbursement<\/span><\/li>\n<li style=\"font-weight: 400;\" aria-level=\"1\"><span style=\"font-weight: 400;\">Further education reimbursement<\/span><\/li>\n<li style=\"font-weight: 400;\" aria-level=\"1\"><span style=\"font-weight: 400;\">School location proximate to affordable teacher workforce housing<\/span><\/li>\n<\/ul>\n<p><span style=\"font-weight: 400;\">CULTURAL BENEFITS:<\/span><\/p>\n<ul>\n<li style=\"font-weight: 400;\" aria-level=\"1\"><span style=\"font-weight: 400;\">Socioeconomically diverse student population: All-Five is unusual in its commitment to enrolling children from both low-income and full-pay families\u00a0<\/span><\/li>\n<li style=\"font-weight: 400;\" aria-level=\"1\"><span style=\"font-weight: 400;\">Engaged family community\u00a0<\/span><\/li>\n<li style=\"font-weight: 400;\" aria-level=\"1\"><span style=\"font-weight: 400;\">Community of learners<\/span><\/li>\n<li style=\"font-weight: 400;\" aria-level=\"1\"><span style=\"font-weight: 400;\">Commitment to professional and personal development\u00a0<\/span><\/li>\n<\/ul>\n<p><span style=\"font-weight: 400;\">\u00a0<\/span><i><span style=\"font-weight: 400;\">Research suggests that, among school-related factors, teachers matter most. When it comes to student performance on reading and math tests, teachers are estimated to have two to three times the effect of any other school factor, including services, facilities, and even leadership. [RAND, 2019, et al]\u00a0<\/span><\/i><\/p>\n<p><span style=\"font-weight: 400;\">Below are previews and links to our open positions. Please feel free to contact us at <\/span><a href=\"mailto:talent@allfive.org\"><span style=\"font-weight: 400;\">talent@allfive.org<\/span><\/a><span style=\"font-weight: 400;\"> as we are always interested in connecting with committed early childhood educators!<\/span><\/p>\n<p>&nbsp;<\/p>\n<\/div>\n<div class=\"cmsmasters_text\">\n<p><\/p>\n<\/div>\n<\/div><\/div>\n<\/div>\n<\/div>\n<\/div>\n<\/div>\n<\/div>\n<div id=\"cmsmasters_row_o6zmonylvj\" class=\"cmsmasters_row cmsmasters_color_scheme_default cmsmasters_row_top_default cmsmasters_row_bot_default cmsmasters_row_boxed\">\n<div class=\"cmsmasters_row_outer_parent\">\n<div class=\"cmsmasters_row_outer\">\n<div class=\"cmsmasters_row_inner\">\n<div class=\"cmsmasters_row_margin\">\n<div id=\"cmsmasters_column_61ivv4i6yc\" class=\"cmsmasters_column one_first\">\n<div class=\"cmsmasters_column_inner\"><div id=\"cmsmasters_heading_cq1yv7gwau\" class=\"cmsmasters_heading_wrap cmsmasters_heading_align_center\">\n\t<h2 class=\"cmsmasters_heading\">Open Positions<\/h2>\n<\/div>\n<\/div><\/div>\n<\/div>\n<\/div>\n<\/div>\n<\/div>\n<\/div>\n<div id=\"cmsmasters_row_r0izvkmp1o\" class=\"cmsmasters_row cmsmasters_color_scheme_default cmsmasters_row_top_default cmsmasters_row_bot_default cmsmasters_row_boxed\">\n<div class=\"cmsmasters_row_outer_parent\">\n<div class=\"cmsmasters_row_outer\">\n<div class=\"cmsmasters_row_inner\">\n<div class=\"cmsmasters_row_margin\">\n<div id=\"cmsmasters_column_es0hx61nmb\" class=\"cmsmasters_column one_first\">\n<div class=\"cmsmasters_column_inner\"><div class=\"cmsmasters_text\">\n<h4><b>Teacher Job Description<\/b><\/h4>\n<p><span style=\"font-weight: 400;\">A teaching team member managing a group of young children. Positions available with infants and toddlers ranging from 6 weeks to 2 years 9 months as well as with preschoolers between the ages of 2 years 9 months, and 5 years old.<\/span><\/p>\n<\/div>\n<div id=\"cmsmasters_button_9b4a0bumkn\" class=\"button_wrap\"><a href=\"https:\/\/drive.google.com\/file\/d\/1uy2cKLSrvT80Czjwsnjh9Whldh-lMz0_\/view?usp=sharing\" class=\"cmsmasters_button\" target=\"_blank\"><span>Teacher Job Description<\/span><\/a><\/div>\n<\/div><\/div>\n<\/div>\n<\/div>\n<\/div>\n<\/div>\n<\/div>\n<div id=\"cmsmasters_row_cg7z7cb5q9\" class=\"cmsmasters_row cmsmasters_color_scheme_default cmsmasters_row_top_default cmsmasters_row_bot_default cmsmasters_row_boxed\">\n<div class=\"cmsmasters_row_outer_parent\">\n<div class=\"cmsmasters_row_outer\">\n<div class=\"cmsmasters_row_inner\">\n<div class=\"cmsmasters_row_margin\">\n<div id=\"cmsmasters_column_fz6skazxv9\" class=\"cmsmasters_column one_first\">\n<div class=\"cmsmasters_column_inner\"><div class=\"cmsmasters_text\">\n<h4 data-path-to-node=\"1\"><strong>Descripci\u00f3n del Puesto de Maestro\/a<\/strong><\/h4>\n<p data-path-to-node=\"2\">Integrante de un equipo docente encargado de gestionar un grupo de ni\u00f1os peque\u00f1os. Contamos con vacantes para trabajar con infantes y ni\u00f1os de hasta 2 a\u00f1os y 9 meses, as\u00ed como con preescolares de entre 2 a\u00f1os y 9 meses y 5 a\u00f1os de edad.<\/p>\n<\/div>\n<div id=\"cmsmasters_button_9rvjd6po5e\" class=\"button_wrap\"><a href=\"https:\/\/drive.google.com\/file\/d\/1hwwBR7UXfZ8Iq1FTiPTLZCdNPraSrgzy\/view?usp=sharing\" class=\"cmsmasters_button\" target=\"_blank\"><span>Descripci\u00f3n del Puesto de Maestro\/a<\/span><\/a><\/div>\n<\/div><\/div>\n<\/div>\n<\/div>\n<\/div>\n<\/div>\n<\/div>\n<div id=\"cmsmasters_row_uge0jdurv\" class=\"cmsmasters_row cmsmasters_color_scheme_default cmsmasters_row_top_default cmsmasters_row_bot_default cmsmasters_row_boxed\">\n<div class=\"cmsmasters_row_outer_parent\">\n<div class=\"cmsmasters_row_outer\">\n<div class=\"cmsmasters_row_inner\">\n<div class=\"cmsmasters_row_margin\">\n<div id=\"cmsmasters_column_7bqobo43b\" class=\"cmsmasters_column one_first\">\n<div class=\"cmsmasters_column_inner\"><div class=\"cmsmasters_text\">\n<p>We would love to have you join our incredible All Five\u00a0 team.<\/p>\n<p>Email your resume to: <a href=\"mailto:talent@allfive.org\">talent@allfive.org<\/a><\/p>\n<\/div>\n<\/div><\/div>\n<\/div>\n<\/div>\n<\/div>\n<\/div>\n<\/div>\n<div id=\"cmsmasters_row_nvij02mty2\" class=\"cmsmasters_row cmsmasters_color_scheme_default cmsmasters_row_top_default cmsmasters_row_bot_default cmsmasters_row_boxed\">\n<div class=\"cmsmasters_row_outer_parent\">\n<div class=\"cmsmasters_row_outer\">\n<div class=\"cmsmasters_row_inner\">\n<div class=\"cmsmasters_row_margin\">\n<div id=\"cmsmasters_column_tsclkw4axh\" class=\"cmsmasters_column one_first\">\n<div class=\"cmsmasters_column_inner\"><p><\/p>\n<\/div><\/div>\n<\/div>\n<\/div>\n<\/div>\n<\/div>\n<\/div>\n<div id=\"cmsmasters_row_lwn7bv9tpj\" class=\"cmsmasters_row cmsmasters_color_scheme_default cmsmasters_row_top_default cmsmasters_row_bot_default cmsmasters_row_boxed\">\n<div class=\"cmsmasters_row_outer_parent\">\n<div class=\"cmsmasters_row_outer\">\n<div class=\"cmsmasters_row_inner\">\n<div class=\"cmsmasters_row_margin\">\n<div id=\"cmsmasters_column_adbhkicq9e\" class=\"cmsmasters_column one_first\">\n<div class=\"cmsmasters_column_inner\"><p><\/p>\n<\/div><\/div>\n<\/div>\n<\/div>\n<\/div>\n<\/div>\n<\/div>\n\n","protected":false},"excerpt":{"rendered":"","protected":false},"author":1,"featured_media":0,"parent":17828,"menu_order":0,"comment_status":"closed","ping_status":"closed","template":"","meta":{"footnotes":""},"class_list":["post-17962","page","type-page","status-publish","hentry"],"_links":{"self":[{"href":"https:\/\/www.allfive.org\/es\/wp-json\/wp\/v2\/pages\/17962","targetHints":{"allow":["GET"]}}],"collection":[{"href":"https:\/\/www.allfive.org\/es\/wp-json\/wp\/v2\/pages"}],"about":[{"href":"https:\/\/www.allfive.org\/es\/wp-json\/wp\/v2\/types\/page"}],"author":[{"embeddable":true,"href":"https:\/\/www.allfive.org\/es\/wp-json\/wp\/v2\/users\/1"}],"replies":[{"embeddable":true,"href":"https:\/\/www.allfive.org\/es\/wp-json\/wp\/v2\/comments?post=17962"}],"version-history":[{"count":33,"href":"https:\/\/www.allfive.org\/es\/wp-json\/wp\/v2\/pages\/17962\/revisions"}],"predecessor-version":[{"id":19831,"href":"https:\/\/www.allfive.org\/es\/wp-json\/wp\/v2\/pages\/17962\/revisions\/19831"}],"up":[{"embeddable":true,"href":"https:\/\/www.allfive.org\/es\/wp-json\/wp\/v2\/pages\/17828"}],"wp:attachment":[{"href":"https:\/\/www.allfive.org\/es\/wp-json\/wp\/v2\/media?parent=17962"}],"curies":[{"name":"wp","href":"https:\/\/api.w.org\/{rel}","templated":true}]}}