{"id":17828,"date":"2020-11-20T09:51:10","date_gmt":"2020-11-20T17:51:10","guid":{"rendered":"https:\/\/www.allfive.org\/?page_id=17828"},"modified":"2025-01-03T10:22:18","modified_gmt":"2025-01-03T18:22:18","slug":"get-involved","status":"publish","type":"page","link":"https:\/\/www.allfive.org\/es\/get-involved\/","title":{"rendered":"\u00a1Involucrarse!"},"content":{"rendered":"<div id=\"cmsmasters_row_d26728e059\" class=\"cmsmasters_row cmsmasters_color_scheme_default cmsmasters_row_top_default cmsmasters_row_bot_default cmsmasters_row_fullwidth\">\n<div class=\"cmsmasters_row_outer_parent\">\n<div class=\"cmsmasters_row_outer\">\n<div class=\"cmsmasters_row_inner cmsmasters_row_fullwidth cmsmasters_row_no_margin\">\n<div class=\"cmsmasters_row_margin\">\n<div id=\"cmsmasters_column_f7e7fd2363\" class=\"cmsmasters_column one_first\">\n<div class=\"cmsmasters_column_inner\"><div id=\"cmsmasters_heading_42d72527e2\" class=\"cmsmasters_heading_wrap cmsmasters_heading_align_center\">\n\t<h2 class=\"cmsmasters_heading\">\u00danase a nosotros y participe<\/h2>\n<\/div><div id=\"cmsmasters_heading_copx1g00zh\" class=\"cmsmasters_heading_wrap cmsmasters_heading_align_center\">\n\t<h3 class=\"cmsmasters_heading\">&quot;Recordemos: un libro, un bol\u00edgrafo, un ni\u00f1o y un maestro pueden cambiar el mundo&quot;.<\/h3>\n<\/div>\n<\/div><\/div>\n<\/div>\n<\/div>\n<\/div>\n<\/div>\n<\/div>\n<div id=\"cmsmasters_row_b6fbab3f52\" class=\"cmsmasters_row cmsmasters_color_scheme_default cmsmasters_row_top_default cmsmasters_row_bot_default cmsmasters_row_boxed\">\n<div class=\"cmsmasters_row_outer_parent\">\n<div class=\"cmsmasters_row_outer\">\n<div class=\"cmsmasters_row_inner\">\n<div class=\"cmsmasters_row_margin\">\n<div id=\"cmsmasters_column_94a495b9b6\" class=\"cmsmasters_column one_first\">\n<div class=\"cmsmasters_column_inner\"><div id=\"cmsmasters_heading_a8f2ba1c12\" class=\"cmsmasters_heading_wrap cmsmasters_heading_align_left\">\n\t<h2 class=\"cmsmasters_heading\">As\u00ed es como ayuda su apoyo<\/h2>\n<\/div><div id=\"cmsmasters_fb_eb9d15cbf4\" class=\"cmsmasters_featured_block\">\n<div class=\"featured_block_inner\">\n<div class=\"featured_block_text\">\n<p style=\"text-align: left;\"><span style=\"color: #d9bfd3; font-size: 17px; line-height: 28px; font-weight: 400;\">Nuestro modelo socioecon\u00f3mico diverso sirve a estudiantes de familias de ingresos bajos, medios y altos que pagan tasas de matr\u00edcula variadas (consulte la tabla a continuaci\u00f3n). A los ni\u00f1os que tienen mejores experiencias en la primera infancia les va mejor. Su apoyo permite que todos los ni\u00f1os que asisten se beneficien de una educaci\u00f3n infantil de alta calidad, independientemente de los ingresos familiares.<\/span><\/p>\n\n<\/div>\n<\/div>\n<\/div>\n<\/div><\/div>\n<\/div>\n<\/div>\n<\/div>\n<\/div>\n<\/div>\n<div id=\"cmsmasters_row_6163dcd1e0\" class=\"cmsmasters_row cmsmasters_color_scheme_default cmsmasters_row_top_default cmsmasters_row_bot_default cmsmasters_row_boxed\">\n<div id=\"ways-to-donate\" class=\"cmsmasters_row_outer_parent\">\n<div class=\"cmsmasters_row_outer\">\n<div class=\"cmsmasters_row_inner\">\n<div class=\"cmsmasters_row_margin\">\n<div id=\"cmsmasters_column_9300da2b41\" class=\"cmsmasters_column one_first\">\n<div class=\"cmsmasters_column_inner\"><div id=\"cmsmasters_heading_d59776faa1\" class=\"cmsmasters_heading_wrap cmsmasters_heading_align_center\">\n\t<h2 class=\"cmsmasters_heading\">\u00a1Aqu\u00ed hay CINCO maneras diferentes de ayudar!<\/h2>\n<\/div>\n<\/div><\/div>\n<\/div>\n<\/div>\n<\/div>\n<\/div>\n<\/div>\n<div id=\"cmsmasters_row_90habc5f6\" class=\"cmsmasters_row cmsmasters_color_scheme_default cmsmasters_row_top_default cmsmasters_row_bot_default cmsmasters_row_fullwidth\">\n<div class=\"cmsmasters_row_outer_parent\">\n<div class=\"cmsmasters_row_outer\">\n<div class=\"cmsmasters_row_inner cmsmasters_row_fullwidth\">\n<div class=\"cmsmasters_row_margin\">\n<div id=\"cmsmasters_column_98vjthkcsc\" class=\"cmsmasters_column one_half\">\n<div class=\"cmsmasters_column_inner\"><div class=\"cmsmasters_img  cmsmasters_image_r donate-icons-smaller-screens\"><img decoding=\"async\" src=\"https:\/\/www.allfive.org\/wp-content\/uploads\/2020\/09\/donate-online-150x150.png\" alt=\"donate online icon\" \/><\/div>\n<\/div><\/div>\n<div id=\"cmsmasters_column_ukdeaew3xl\" class=\"cmsmasters_column one_half\">\n<div class=\"cmsmasters_column_inner\"><div id=\"cmsmasters_heading_3fsl270avv\" class=\"cmsmasters_heading_wrap cmsmasters_heading_align_left\">\n\t<h2 class=\"cmsmasters_heading\">Donar en l\u00ednea<\/h2>\n<\/div><div class=\"cmsmasters_text\">\n<p style=\"text-align: left; font-weight: 400;\">Realice una donaci\u00f3n segura en l\u00ednea a trav\u00e9s de WP-Stripe.<\/p>\n<\/div>\n<div id=\"cmsmasters_button_hfakn56br2\" class=\"button_wrap\"><a href=\"https:\/\/www.allfive.org\/donation-form\" class=\"cmsmasters_button\"><span>DONE AHORA<\/span><\/a><\/div>\n<\/div><\/div>\n<\/div>\n<\/div>\n<\/div>\n<\/div>\n<\/div>\n<div id=\"cmsmasters_row_8a1ek2nye1\" class=\"cmsmasters_row cmsmasters_color_scheme_default cmsmasters_row_top_default cmsmasters_row_bot_default cmsmasters_row_boxed\">\n<div class=\"cmsmasters_row_outer_parent\">\n<div class=\"cmsmasters_row_outer\">\n<div class=\"cmsmasters_row_inner\">\n<div class=\"cmsmasters_row_margin\">\n<div id=\"cmsmasters_column_wnc9p0zkb\" class=\"cmsmasters_column one_half\">\n<div class=\"cmsmasters_column_inner\"><div class=\"cmsmasters_img  cmsmasters_image_r donate-icons-smaller-screens\"><img decoding=\"async\" src=\"https:\/\/www.allfive.org\/wp-content\/uploads\/2020\/09\/donate-by-check-150x150.png\" alt=\"donate by check icon\" \/><\/div>\n<\/div><\/div>\n<div id=\"cmsmasters_column_0zp794zmnz\" class=\"cmsmasters_column one_half\">\n<div class=\"cmsmasters_column_inner\"><div id=\"cmsmasters_heading_63keb4aoij\" class=\"cmsmasters_heading_wrap cmsmasters_heading_align_left\">\n\t<h2 class=\"cmsmasters_heading\">Donar con cheque<\/h2>\n<\/div><div class=\"cmsmasters_text\">\n<p><span style=\"font-weight: 400;\">Env\u00ede un cheque a:\u00a0<\/span><\/p>\n<p><span style=\"font-weight: 400;\">ALL FIVE<br \/>\n<\/span><span style=\"font-weight: 400;\">P.O. Box 22<br \/>\nMenlo Park, CA\u00a0 94026<\/span><\/p>\n<\/div>\n<\/div><\/div>\n<\/div>\n<\/div>\n<\/div>\n<\/div>\n<\/div>\n<div id=\"cmsmasters_row_fgcksqj03\" class=\"cmsmasters_row cmsmasters_color_scheme_default cmsmasters_row_top_default cmsmasters_row_bot_default cmsmasters_row_boxed\">\n<div class=\"cmsmasters_row_outer_parent\">\n<div class=\"cmsmasters_row_outer\">\n<div class=\"cmsmasters_row_inner\">\n<div class=\"cmsmasters_row_margin\">\n<div id=\"cmsmasters_column_ywaivwadj9\" class=\"cmsmasters_column one_half\">\n<div class=\"cmsmasters_column_inner\"><div class=\"cmsmasters_img  cmsmasters_image_r donate-icons-smaller-screens\"><img decoding=\"async\" src=\"https:\/\/www.allfive.org\/wp-content\/uploads\/2020\/11\/e-commerce-Expanded_Money_Transfer-512-150x150.png\" \/><\/div>\n<\/div><\/div>\n<div id=\"cmsmasters_column_g2e5vs8grq\" class=\"cmsmasters_column one_half\">\n<div class=\"cmsmasters_column_inner\"><div id=\"cmsmasters_heading_pqsv1ftion\" class=\"cmsmasters_heading_wrap cmsmasters_heading_align_left\">\n\t<h2 class=\"cmsmasters_heading\">Donar por acciones o transferencia bancaria<\/h2>\n<\/div><div class=\"cmsmasters_text\">\n<p style=\"font-weight: 400;\"><span style=\"font-weight: 400;\">Comun\u00edquese con nosotros en accounts@allfive.org para solicitar una transferencia de acciones o instrucciones de transferencia.<\/span><\/p>\n<\/div>\n<\/div><\/div>\n<\/div>\n<\/div>\n<\/div>\n<\/div>\n<\/div>\n<div id=\"cmsmasters_row_tlnw4a6k4v\" class=\"cmsmasters_row cmsmasters_color_scheme_default cmsmasters_row_top_default cmsmasters_row_bot_default cmsmasters_row_boxed\">\n<div class=\"cmsmasters_row_outer_parent\">\n<div class=\"cmsmasters_row_outer\">\n<div class=\"cmsmasters_row_inner\">\n<div class=\"cmsmasters_row_margin\">\n<div id=\"cmsmasters_column_eebe58c2h\" class=\"cmsmasters_column one_half\">\n<div class=\"cmsmasters_column_inner\"><div class=\"cmsmasters_img  cmsmasters_image_r donate-icons-smaller-screens\"><a href=\"https:\/\/smile.amazon.com\/baby-reg\/allfive-school-july-2019-menlopark\/GQ985MUR5AR2\"><img decoding=\"async\" src=\"https:\/\/www.allfive.org\/wp-content\/uploads\/2020\/09\/book-donate-4.png\" alt=\"book donate icon\" \/><\/a><\/div>\n<\/div><\/div>\n<div id=\"cmsmasters_column_zv8yxrycz\" class=\"cmsmasters_column one_half\">\n<div class=\"cmsmasters_column_inner\"><div id=\"cmsmasters_heading_lonkwg977h\" class=\"cmsmasters_heading_wrap cmsmasters_heading_align_left\">\n\t<h2 class=\"cmsmasters_heading\">Dona un libro<\/h2>\n<\/div><div class=\"cmsmasters_text\">\n<p><span style=\"font-weight: 400;\">Elige un libro de <\/span><span style=\"font-weight: 400;\">esta lista<\/span><span style=\"font-weight: 400;\"> y enviarlo a:<\/span><\/p>\n<p><span style=\"font-weight: 400;\">ALL FIVE<br \/>\n<\/span><span style=\"font-weight: 400;\">P.O. Box 22<br \/>\nMenlo Park, CA\u00a0 94026<\/span><\/p>\n<\/div>\n<div id=\"cmsmasters_button_3c2wv8lgum\" class=\"button_wrap\"><a href=\"https:\/\/www.allfive.org\/wp-content\/uploads\/2021\/11\/211117_Booklist_Website.pdf\" class=\"cmsmasters_button\" target=\"_blank\"><span>Elige un libro<\/span><\/a><\/div>\n<\/div><\/div>\n<\/div>\n<\/div>\n<\/div>\n<\/div>\n<\/div>\n<div id=\"cmsmasters_row_1errdokq1m\" class=\"cmsmasters_row cmsmasters_color_scheme_default cmsmasters_row_top_default cmsmasters_row_bot_default cmsmasters_row_boxed\">\n<div class=\"cmsmasters_row_outer_parent\">\n<div class=\"cmsmasters_row_outer\">\n<div class=\"cmsmasters_row_inner\">\n<div class=\"cmsmasters_row_margin\">\n<div id=\"cmsmasters_column_q2aufote5v\" class=\"cmsmasters_column one_half\">\n<div class=\"cmsmasters_column_inner\"><div class=\"cmsmasters_img  cmsmasters_image_r donate-icons-smaller-screens\"><a href=\"https:\/\/www.indeedjobs.com\/all-five-at-belle-haven\/_hl\/en_US?cpref=JXWAtnzf3XWjLOi4YeVNLs_1WAXHb5RL07vImo948pE\"><img decoding=\"async\" src=\"https:\/\/www.allfive.org\/wp-content\/uploads\/2020\/09\/volunteer-150x150.png\" alt=\"volunteer icon\" \/><\/a><\/div>\n<\/div><\/div>\n<div id=\"cmsmasters_column_49fbcpr5wg\" class=\"cmsmasters_column one_half\">\n<div class=\"cmsmasters_column_inner\"><div id=\"cmsmasters_heading_m0qadih0fh\" class=\"cmsmasters_heading_wrap cmsmasters_heading_align_left\">\n\t<h2 class=\"cmsmasters_heading\">Sea voluntario con All Five<\/h2>\n<\/div><div class=\"cmsmasters_text\">\n<p style=\"font-weight: 400;\">Los voluntarios de todos los niveles y talentos son bienvenidos.<\/p>\n<\/div>\n<div id=\"cmsmasters_button_v0nhox2q\" class=\"button_wrap\"><a href=\"https:\/\/www.allfive.org\/intern-volunteer-application-form\/\" class=\"cmsmasters_button\" target=\"_blank\"><span>Voluntario<\/span><\/a><\/div>\n<\/div><\/div>\n<\/div>\n<\/div>\n<\/div>\n<\/div>\n<\/div>\n<div id=\"cmsmasters_row_wn2hmqph59\" class=\"cmsmasters_row cmsmasters_color_scheme_default cmsmasters_row_top_default cmsmasters_row_bot_default cmsmasters_row_boxed\">\n<div id=\"ways-to-donate\" class=\"cmsmasters_row_outer_parent\">\n<div class=\"cmsmasters_row_outer\">\n<div class=\"cmsmasters_row_inner\">\n<div class=\"cmsmasters_row_margin\">\n<div id=\"cmsmasters_column_ejfqa4yur\" class=\"cmsmasters_column one_first\">\n<div class=\"cmsmasters_column_inner\"><div id=\"cmsmasters_heading_90mwjad01a\" class=\"cmsmasters_heading_wrap cmsmasters_heading_align_center\">\n\t<h2 class=\"cmsmasters_heading\">\u00a1Muchas gracias por su apoyo!<\/h2>\n<\/div>\n<\/div><\/div>\n<\/div>\n<\/div>\n<\/div>\n<\/div>\n<\/div>\n<div id=\"cmsmasters_row_jswruc5z9q\" class=\"cmsmasters_row cmsmasters_color_scheme_default student-revenue-model-table cmsmasters_row_top_default cmsmasters_row_bot_default cmsmasters_row_boxed\">\n<div class=\"cmsmasters_row_outer_parent\">\n<div class=\"cmsmasters_row_outer\">\n<div class=\"cmsmasters_row_inner cmsmasters_row_no_margin\">\n<div class=\"cmsmasters_row_margin\">\n<div id=\"cmsmasters_column_qdjr4zzqlh\" class=\"cmsmasters_column one_first\">\n<div class=\"cmsmasters_column_inner\"><div id=\"cmsmasters_heading_zuc98r0uyf\" class=\"cmsmasters_heading_wrap cmsmasters_heading_align_center\">\n\t<h2 class=\"cmsmasters_heading\">ALL FIVE REVENUE MODEL<\/h2>\n<\/div><div id=\"cmsmasters_heading_ku32yjlxh\" class=\"cmsmasters_heading_wrap cmsmasters_heading_align_center\">\n\t<h3 class=\"cmsmasters_heading\">KRIEWALL-HAEHL INFANT TODDLER PROGRAM<\/h3>\n<\/div><div class=\"cmsmasters_wrap_table\"><table class=\"cmsmasters_table\"><caption><\/caption><thead><tr class=\"cmsmasters_table_row_header\"><th class=\"cmsmasters_table_cell_aligncenter\">% de las cinco familias<\/th><th class=\"cmsmasters_table_cell_aligncenter\">Familia de 3 ingresos anuales<\/th><th class=\"cmsmasters_table_cell_aligncenter\">Fuente de ingresos<\/th><th class=\"cmsmasters_table_cell_aligncenter\">Average Monthly Revenue Per Student<\/th><th class=\"cmsmasters_table_cell_aligncenter\">Cost of Program<\/th><th class=\"cmsmasters_table_cell_aligncenter\">Average Monthly Revenue Gap<\/th><\/tr><\/thead><tr><td class=\"cmsmasters_table_cell_aligncenter\">75%<\/td><td class=\"cmsmasters_table_cell_aligncenter\">Less than $100,000, primarily under $73,884<\/td><td class=\"cmsmasters_table_cell_aligncenter\">Financiamiento estatal y contribuci\u00f3n de matr\u00edcula familiar de escala m\u00f3vil<\/td><td class=\"cmsmasters_table_cell_aligncenter\">$2,198<\/td><td class=\"cmsmasters_table_cell_aligncenter\">$2,850<\/td><td class=\"cmsmasters_table_cell_aligncenter\">$652<\/td><\/tr><tr><td class=\"cmsmasters_table_cell_aligncenter\">25%<\/td><td class=\"cmsmasters_table_cell_aligncenter\">$200,000+<\/td><td class=\"cmsmasters_table_cell_aligncenter\">Matr\u00edcula completa pagada por la familia<\/td><td class=\"cmsmasters_table_cell_aligncenter\">$2,850<\/td><td class=\"cmsmasters_table_cell_aligncenter\">$2,850<\/td><td class=\"cmsmasters_table_cell_aligncenter\">$0<\/td><\/tr><\/table><\/div><div id=\"cmsmasters_heading_hgmg24g58a\" class=\"cmsmasters_heading_wrap cmsmasters_heading_align_center\">\n\t<h3 class=\"cmsmasters_heading\">PRESCHOOL PROGRAM<\/h3>\n<\/div><div class=\"cmsmasters_wrap_table\"><table class=\"cmsmasters_table\"><caption><\/caption><thead><tr class=\"cmsmasters_table_row_header\"><th class=\"cmsmasters_table_cell_aligncenter\">% de las cinco familias<\/th><th class=\"cmsmasters_table_cell_aligncenter\">Familia de 3 ingresos anuales<\/th><th class=\"cmsmasters_table_cell_aligncenter\">Fuente de ingresos<\/th><th class=\"cmsmasters_table_cell_aligncenter\">Average Monthly Revenue Per Student<\/th><th class=\"cmsmasters_table_cell_aligncenter\">Cost of Program<\/th><th class=\"cmsmasters_table_cell_aligncenter\">Average Monthly Revenue Gap<\/th><\/tr><\/thead><tr><td class=\"cmsmasters_table_cell_aligncenter\">75%<\/td><td class=\"cmsmasters_table_cell_aligncenter\">Less than $100,000, primarily under $73,884<\/td><td class=\"cmsmasters_table_cell_aligncenter\">Financiamiento estatal y contribuci\u00f3n de matr\u00edcula familiar de escala m\u00f3vil<\/td><td class=\"cmsmasters_table_cell_aligncenter\">$1,682<\/td><td class=\"cmsmasters_table_cell_aligncenter\">$2,550<\/td><td class=\"cmsmasters_table_cell_aligncenter\">$868<\/td><\/tr><tr><td class=\"cmsmasters_table_cell_aligncenter\">25%<\/td><td class=\"cmsmasters_table_cell_aligncenter\">$200,000+<\/td><td class=\"cmsmasters_table_cell_aligncenter\">Matr\u00edcula completa pagada por la familia<\/td><td class=\"cmsmasters_table_cell_aligncenter\">$2,550<\/td><td class=\"cmsmasters_table_cell_aligncenter\">$2,550<\/td><td class=\"cmsmasters_table_cell_aligncenter\">$0<\/td><\/tr><\/table><\/div>\n<\/div><\/div>\n<\/div>\n<\/div>\n<\/div>\n<\/div>\n<\/div>\n<div id=\"cmsmasters_row_6u6bnvs1f4\" class=\"cmsmasters_row cmsmasters_color_scheme_default cmsmasters_row_top_default cmsmasters_row_bot_default cmsmasters_row_boxed\">\n<div class=\"cmsmasters_row_outer_parent\">\n<div class=\"cmsmasters_row_outer\">\n<div class=\"cmsmasters_row_inner\">\n<div class=\"cmsmasters_row_margin\">\n<div id=\"cmsmasters_column_bctedg7vko\" class=\"cmsmasters_column one_first\">\n<div class=\"cmsmasters_column_inner\"><p><\/p>\n<\/div><\/div>\n<\/div>\n<\/div>\n<\/div>\n<\/div>\n<\/div>","protected":false},"excerpt":{"rendered":"","protected":false},"author":1,"featured_media":16649,"parent":0,"menu_order":0,"comment_status":"closed","ping_status":"closed","template":"","meta":{"footnotes":""},"class_list":["post-17828","page","type-page","status-publish","has-post-thumbnail","hentry"],"_links":{"self":[{"href":"https:\/\/www.allfive.org\/es\/wp-json\/wp\/v2\/pages\/17828","targetHints":{"allow":["GET"]}}],"collection":[{"href":"https:\/\/www.allfive.org\/es\/wp-json\/wp\/v2\/pages"}],"about":[{"href":"https:\/\/www.allfive.org\/es\/wp-json\/wp\/v2\/types\/page"}],"author":[{"embeddable":true,"href":"https:\/\/www.allfive.org\/es\/wp-json\/wp\/v2\/users\/1"}],"replies":[{"embeddable":true,"href":"https:\/\/www.allfive.org\/es\/wp-json\/wp\/v2\/comments?post=17828"}],"version-history":[{"count":42,"href":"https:\/\/www.allfive.org\/es\/wp-json\/wp\/v2\/pages\/17828\/revisions"}],"predecessor-version":[{"id":19707,"href":"https:\/\/www.allfive.org\/es\/wp-json\/wp\/v2\/pages\/17828\/revisions\/19707"}],"wp:featuredmedia":[{"embeddable":true,"href":"https:\/\/www.allfive.org\/es\/wp-json\/wp\/v2\/media\/16649"}],"wp:attachment":[{"href":"https:\/\/www.allfive.org\/es\/wp-json\/wp\/v2\/media?parent=17828"}],"curies":[{"name":"wp","href":"https:\/\/api.w.org\/{rel}","templated":true}]}}