{"id":17132,"date":"2020-09-17T01:42:20","date_gmt":"2020-09-17T01:42:20","guid":{"rendered":"https:\/\/www.allfive.org\/?page_id=17132"},"modified":"2021-03-16T09:52:41","modified_gmt":"2021-03-16T16:52:41","slug":"blogs","status":"publish","type":"page","link":"https:\/\/www.allfive.org\/es\/blogs\/","title":{"rendered":"Blogs"},"content":{"rendered":"<div id=\"cmsmasters_row_2cd5ff2fe6\" class=\"cmsmasters_row cmsmasters_color_scheme_default cmsmasters_row_top_default cmsmasters_row_bot_default cmsmasters_row_boxed\">\n<div class=\"cmsmasters_row_outer_parent\">\n<div class=\"cmsmasters_row_outer\">\n<div class=\"cmsmasters_row_inner\">\n<div class=\"cmsmasters_row_margin\">\n<div id=\"cmsmasters_column_e07b2f0fbc\" class=\"cmsmasters_column one_first\">\n<div class=\"cmsmasters_column_inner\"><div id=\"blog_d2d0756cb2\" class=\"cmsmasters_wrap_blog entry-summary\" data-layout=\"timeline\" data-layout-mode=\"\" data-url=\"https:\/\/www.allfive.org\/wp-content\/plugins\/cmsmasters-content-composer\/\" data-orderby=\"date\" data-order=\"DESC\" data-count=\"6\" data-categories=\"blogs\" data-metadata=\"date,author,more\" data-pagination=\"pagination\"><div class=\"blog timeline\"><!--_________________________ Start Post Timeline Article _________________________ -->\r\n<article id=\"post-17798\" class=\"cmsmasters_post_timeline post-17798 post type-post status-publish format-standard has-post-thumbnail hentry category-blogs tag-blogs\">\r\n\t<div class=\"cmsmasters_post_info entry-meta\"><span class=\"cmsmasters_post_date\"><abbr class=\"published\" title=\"5\/11\/2020\">5\/11\/2020<\/abbr><abbr class=\"dn date updated\" title=\"16 de noviembre de 2020\">16 de noviembre de 2020<\/abbr><\/span><\/div>\t<div class=\"cmsmasters_timeline_margin\">\r\n\t\t<div class=\"cmsmasters_post_cont_wrap\">\r\n\t\t\t<figure class=\"cmsmasters_img_wrap\"><a href=\"https:\/\/www.allfive.org\/es\/november-blog-post\/\" title=\"Publicaci\u00f3n de blog de noviembre\" class=\"cmsmasters_img_link preloader\"><img loading=\"lazy\" decoding=\"async\" width=\"580\" height=\"400\" src=\"https:\/\/www.allfive.org\/wp-content\/uploads\/2020\/11\/Screen-Shot-2020-11-05-at-11.56.16-AM-580x400.jpg\" class=\"full-width wp-post-image\" alt=\"November Blog Post\" title=\"Screen Shot 2020-11-05 at 11.56.16 AM\" srcset=\"https:\/\/www.allfive.org\/wp-content\/uploads\/2020\/11\/Screen-Shot-2020-11-05-at-11.56.16-AM-580x400.jpg 580w, https:\/\/www.allfive.org\/wp-content\/uploads\/2020\/11\/Screen-Shot-2020-11-05-at-11.56.16-AM-18x12.jpg 18w\" sizes=\"auto, (max-width: 580px) 100vw, 580px\" \/><\/a><\/figure>\t\t\t<div class=\"cmsmasters_post_cont\">\r\n\t\t\t\t<div class=\"cmsmasters_post_cont_inner\">\r\n\t\t\t\t\t<header class=\"cmsmasters_post_header entry-header\"><h2 class=\"cmsmasters_post_title entry-title\"><a href=\"https:\/\/www.allfive.org\/es\/november-blog-post\/\">Publicaci\u00f3n de blog de noviembre<\/a><\/h2><\/header><div class=\"cmsmasters_post_cont_info entry-meta\"><span class=\"cmsmasters_post_author\"><a href=\"https:\/\/www.allfive.org\/es\/author\/carol\/\" title=\"Posts by Carol Thomsen\" class=\"vcard author\"><span class=\"fn\">Carol Thomsen<\/span><\/a><\/span><\/div><div class=\"cmsmasters_post_content entry-content\">\n<p>He estado pensando y leyendo esta semana sobre el cambio. Mientras esperamos un posible cambio en el liderazgo de nuestra naci\u00f3n ...<\/p>\n<\/div>\n<div class=\"cmsmasters_post_head entry-meta\"><div class=\"cmsmasters_post_read_more_wrap\"><a class=\"cmsmasters_post_read_more\" href=\"https:\/\/www.allfive.org\/es\/november-blog-post\/\">Lee mas<\/a><\/div><\/div>\t\t\t\t<\/div>\r\n\t\t\t<\/div>\r\n\t\t<\/div>\r\n\t<\/div>\r\n<\/article>\r\n<!--_________________________ Finish Post Timeline Article _________________________ -->\r\n\r\n<!--_________________________ Start Post Timeline Article _________________________ -->\r\n<article id=\"post-17772\" class=\"cmsmasters_post_timeline post-17772 post type-post status-publish format-standard has-post-thumbnail hentry category-blogs\">\r\n\t<div class=\"cmsmasters_post_info entry-meta\"><span class=\"cmsmasters_post_date\"><abbr class=\"published\" title=\"21\/10\/2020\">21\/10\/2020<\/abbr><abbr class=\"dn date updated\" title=\"16 de noviembre de 2020\">16 de noviembre de 2020<\/abbr><\/span><\/div>\t<div class=\"cmsmasters_timeline_margin\">\r\n\t\t<div class=\"cmsmasters_post_cont_wrap\">\r\n\t\t\t<figure class=\"cmsmasters_img_wrap\"><a href=\"https:\/\/www.allfive.org\/es\/working-with-tools\/\" title=\"Trabajar con herramientas\" class=\"cmsmasters_img_link preloader\"><img loading=\"lazy\" decoding=\"async\" width=\"580\" height=\"400\" src=\"https:\/\/www.allfive.org\/wp-content\/uploads\/2020\/10\/Screen-Shot-2020-10-21-at-11.36.42-AM-1-580x400.png\" class=\"full-width wp-post-image\" alt=\"Working With Tools\" title=\"Screen Shot 2020-10-21 at 11.36.42 AM\" srcset=\"https:\/\/www.allfive.org\/wp-content\/uploads\/2020\/10\/Screen-Shot-2020-10-21-at-11.36.42-AM-1-580x400.png 580w, https:\/\/www.allfive.org\/wp-content\/uploads\/2020\/10\/Screen-Shot-2020-10-21-at-11.36.42-AM-1-16x12.png 16w, https:\/\/www.allfive.org\/wp-content\/uploads\/2020\/10\/Screen-Shot-2020-10-21-at-11.36.42-AM-1-24x18.png 24w\" sizes=\"auto, (max-width: 580px) 100vw, 580px\" \/><\/a><\/figure>\t\t\t<div class=\"cmsmasters_post_cont\">\r\n\t\t\t\t<div class=\"cmsmasters_post_cont_inner\">\r\n\t\t\t\t\t<header class=\"cmsmasters_post_header entry-header\"><h2 class=\"cmsmasters_post_title entry-title\"><a href=\"https:\/\/www.allfive.org\/es\/working-with-tools\/\">Trabajar con herramientas<\/a><\/h2><\/header><div class=\"cmsmasters_post_cont_info entry-meta\"><span class=\"cmsmasters_post_author\"><a href=\"https:\/\/www.allfive.org\/es\/author\/carol\/\" title=\"Posts by Carol Thomsen\" class=\"vcard author\"><span class=\"fn\">Carol Thomsen<\/span><\/a><\/span><\/div><div class=\"cmsmasters_post_content entry-content\">\n<p>Las cinco semanas del 28 de septiembre de 2020 Los ni\u00f1os continuaron mostrando inter\u00e9s en las herramientas esta semana. Como usaban herramientas reales como destornilladores ...<\/p>\n<\/div>\n<div class=\"cmsmasters_post_head entry-meta\"><div class=\"cmsmasters_post_read_more_wrap\"><a class=\"cmsmasters_post_read_more\" href=\"https:\/\/www.allfive.org\/es\/working-with-tools\/\">Lee mas<\/a><\/div><\/div>\t\t\t\t<\/div>\r\n\t\t\t<\/div>\r\n\t\t<\/div>\r\n\t<\/div>\r\n<\/article>\r\n<!--_________________________ Finish Post Timeline Article _________________________ -->\r\n\r\n<!--_________________________ Start Post Timeline Article _________________________ -->\r\n<article id=\"post-17128\" class=\"cmsmasters_post_timeline post-17128 post type-post status-publish format-standard has-post-thumbnail hentry category-blogs\">\r\n\t<div class=\"cmsmasters_post_info entry-meta\"><span class=\"cmsmasters_post_date\"><abbr class=\"published\" title=\"15\/09\/2020\">15\/09\/2020<\/abbr><abbr class=\"dn date updated\" title=\"18 de septiembre de 2020\">18 de septiembre de 2020<\/abbr><\/span><\/div>\t<div class=\"cmsmasters_timeline_margin\">\r\n\t\t<div class=\"cmsmasters_post_cont_wrap\">\r\n\t\t\t<figure class=\"cmsmasters_img_wrap\"><a href=\"https:\/\/www.allfive.org\/es\/all-children\/\" title=\"Todos los ni\u00f1os\" class=\"cmsmasters_img_link preloader\"><img loading=\"lazy\" decoding=\"async\" width=\"580\" height=\"400\" src=\"https:\/\/www.allfive.org\/wp-content\/uploads\/2020\/09\/Blog_banner_photo-580x400.jpg\" class=\"full-width wp-post-image\" alt=\"Blog - All Children\" title=\"Blog - All Children\" srcset=\"https:\/\/www.allfive.org\/wp-content\/uploads\/2020\/09\/Blog_banner_photo-580x400.jpg 580w, https:\/\/www.allfive.org\/wp-content\/uploads\/2020\/09\/Blog_banner_photo-18x12.jpg 18w, https:\/\/www.allfive.org\/wp-content\/uploads\/2020\/09\/Blog_banner_photo-24x16.jpg 24w, https:\/\/www.allfive.org\/wp-content\/uploads\/2020\/09\/Blog_banner_photo-36x24.jpg 36w, https:\/\/www.allfive.org\/wp-content\/uploads\/2020\/09\/Blog_banner_photo-48x32.jpg 48w\" sizes=\"auto, (max-width: 580px) 100vw, 580px\" \/><\/a><\/figure>\t\t\t<div class=\"cmsmasters_post_cont\">\r\n\t\t\t\t<div class=\"cmsmasters_post_cont_inner\">\r\n\t\t\t\t\t<header class=\"cmsmasters_post_header entry-header\"><h2 class=\"cmsmasters_post_title entry-title\"><a href=\"https:\/\/www.allfive.org\/es\/all-children\/\">Todos los ni\u00f1os<\/a><\/h2><\/header><div class=\"cmsmasters_post_cont_info entry-meta\"><span class=\"cmsmasters_post_author\"><a href=\"https:\/\/www.allfive.org\/es\/author\/carol\/\" title=\"Posts by Carol Thomsen\" class=\"vcard author\"><span class=\"fn\">Carol Thomsen<\/span><\/a><\/span><\/div><div class=\"cmsmasters_post_content entry-content\">\n<p>Creo que todos los ni\u00f1os, independientemente de las circunstancias en las que nazcan, tienen mentes animadas. Como afirma Lilian Katz, &quot;los desaf\u00edos intelectuales que enfrentan muchos ni\u00f1os para hacer frente a entornos precarios probablemente sean sustanciales y, a menudo, complejos&quot;. All Five se abri\u00f3 con esa premisa hace cinco a\u00f1os, el 1 de septiembre de 2015.<\/p>\n<\/div>\n<div class=\"cmsmasters_post_head entry-meta\"><div class=\"cmsmasters_post_read_more_wrap\"><a class=\"cmsmasters_post_read_more\" href=\"https:\/\/www.allfive.org\/es\/all-children\/\">Lee mas<\/a><\/div><\/div>\t\t\t\t<\/div>\r\n\t\t\t<\/div>\r\n\t\t<\/div>\r\n\t<\/div>\r\n<\/article>\r\n<!--_________________________ Finish Post Timeline Article _________________________ -->\r\n\r\n<\/div><div class=\"cmsmasters_wrap_more_posts cmsmasters_wrap_more_items\"><\/div><\/div>\n<\/div><\/div>\n<\/div>\n<\/div>\n<\/div>\n<\/div>\n<\/div>","protected":false},"excerpt":{"rendered":"","protected":false},"author":1,"featured_media":0,"parent":0,"menu_order":0,"comment_status":"closed","ping_status":"open","template":"","meta":{"footnotes":""},"class_list":["post-17132","page","type-page","status-publish","hentry"],"_links":{"self":[{"href":"https:\/\/www.allfive.org\/es\/wp-json\/wp\/v2\/pages\/17132","targetHints":{"allow":["GET"]}}],"collection":[{"href":"https:\/\/www.allfive.org\/es\/wp-json\/wp\/v2\/pages"}],"about":[{"href":"https:\/\/www.allfive.org\/es\/wp-json\/wp\/v2\/types\/page"}],"author":[{"embeddable":true,"href":"https:\/\/www.allfive.org\/es\/wp-json\/wp\/v2\/users\/1"}],"replies":[{"embeddable":true,"href":"https:\/\/www.allfive.org\/es\/wp-json\/wp\/v2\/comments?post=17132"}],"version-history":[{"count":0,"href":"https:\/\/www.allfive.org\/es\/wp-json\/wp\/v2\/pages\/17132\/revisions"}],"wp:attachment":[{"href":"https:\/\/www.allfive.org\/es\/wp-json\/wp\/v2\/media?parent=17132"}],"curies":[{"name":"wp","href":"https:\/\/api.w.org\/{rel}","templated":true}]}}