{"id":16872,"date":"2020-09-10T21:26:22","date_gmt":"2020-09-11T04:26:22","guid":{"rendered":"https:\/\/www.allfive.org\/?page_id=16872"},"modified":"2022-11-21T11:03:48","modified_gmt":"2022-11-21T19:03:48","slug":"covid-19-response","status":"publish","type":"page","link":"https:\/\/www.allfive.org\/es\/covid-19-response\/","title":{"rendered":"Respuesta COVID-19 de All Five"},"content":{"rendered":"<div id=\"cmsmasters_row_pmlhpst88\" class=\"cmsmasters_row cmsmasters_color_scheme_default cmsmasters_row_top_default cmsmasters_row_bot_default cmsmasters_row_boxed\">\n<div class=\"cmsmasters_row_outer_parent\">\n<div class=\"cmsmasters_row_outer\">\n<div class=\"cmsmasters_row_inner\">\n<div class=\"cmsmasters_row_margin\">\n<div id=\"cmsmasters_column_rpau9vpjbo\" class=\"cmsmasters_column one_first\">\n<div class=\"cmsmasters_column_inner\"><\/div><\/div>\n<\/div>\n<\/div>\n<\/div>\n<\/div>\n<\/div>\n<div id=\"cmsmasters_row_ifpz6b3h6\" class=\"cmsmasters_row cmsmasters_color_scheme_default cmsmasters_row_top_default cmsmasters_row_bot_default cmsmasters_row_boxed\">\n<div class=\"cmsmasters_row_outer_parent\">\n<div class=\"cmsmasters_row_outer\">\n<div class=\"cmsmasters_row_inner\">\n<div class=\"cmsmasters_row_margin\">\n<div id=\"cmsmasters_column_cgaz3ib303\" class=\"cmsmasters_column one_first\">\n<div class=\"cmsmasters_column_inner\"><div id=\"cmsmasters_heading_ttblcvwp5v\" class=\"cmsmasters_heading_wrap cmsmasters_heading_align_center\">\n\t<h1 class=\"cmsmasters_heading\">Seguridad primero<\/h1>\n<\/div><div class=\"cmsmasters_text\">\n<h3 style=\"color: #44364e; font-weight: 400; text-align: center; font-size: 20px;\">The health of your children, as well as our teachers, staff, families, and community, are our highest priority.<\/h3>\n<\/div>\n<div class=\"cmsmasters_text\">\n<p><\/p>\n<\/div>\n<\/div><\/div>\n<\/div>\n<\/div>\n<\/div>\n<\/div>\n<\/div>\n<div id=\"cmsmasters_row_qrppt82ek\" class=\"cmsmasters_row cmsmasters_color_scheme_default cmsmasters_row_top_default cmsmasters_row_bot_default cmsmasters_row_boxed\">\n<div class=\"cmsmasters_row_outer_parent\">\n<div class=\"cmsmasters_row_outer\">\n<div class=\"cmsmasters_row_inner\">\n<div class=\"cmsmasters_row_margin\">\n<div id=\"cmsmasters_column_p22x4sj8gb\" class=\"cmsmasters_column one_half\">\n<div class=\"cmsmasters_column_inner\"><div id=\"cmsmasters_heading_mzci083kx\" class=\"cmsmasters_heading_wrap cmsmasters_heading_align_left\">\n\t<h2 class=\"cmsmasters_heading\">Guia<\/h2>\n<\/div><div class=\"cmsmasters_text\">\n<p style=\"font-weight: 400;\">Nuestras pr\u00e1cticas est\u00e1n informadas y guiadas por el Departamento de Salud del Condado de San Mateo, la Oficina de Educaci\u00f3n del Condado de San Mateo, Licencias de Cuidado Comunitario y las directivas del Estado de California.<\/p>\n<p style=\"font-weight: 400;\">Estamos en estrecho y regular contacto con estas agencias. Tenemos la suerte de contar con el apoyo y el asesoramiento de especialistas en pediatr\u00eda de Stanford que mantienen una relaci\u00f3n continua con los Cinco.<\/p>\n<\/div>\n<\/div><\/div>\n<div id=\"cmsmasters_column_mfne2trri5\" class=\"cmsmasters_column one_half\">\n<div class=\"cmsmasters_column_inner\"><div class=\"aligncenter\"><div class=\"cmsmasters_img  cmsmasters_image_c\"><a href=\"https:\/\/www.allfive.org\/wp-content\/uploads\/2020\/08\/Home_WeThinkDifferently2.jpg\"><img decoding=\"async\" src=\"https:\/\/www.allfive.org\/wp-content\/uploads\/2020\/08\/Home_WeThinkDifferently2-225x300.jpg\" alt=\"Home_WeThinkDifferently2\" \/><\/a><\/div><\/div>\n<\/div><\/div>\n<\/div>\n<\/div>\n<\/div>\n<\/div>\n<\/div>\n<div id=\"cmsmasters_row_0y9v1vo14h\" class=\"cmsmasters_row cmsmasters_color_scheme_default cmsmasters_row_top_default cmsmasters_row_bot_default cmsmasters_row_boxed\">\n<div class=\"cmsmasters_row_outer_parent\">\n<div class=\"cmsmasters_row_outer\">\n<div class=\"cmsmasters_row_inner\">\n<div class=\"cmsmasters_row_margin\">\n<div id=\"cmsmasters_column_o19vlpr5c2\" class=\"cmsmasters_column one_half\">\n<div class=\"cmsmasters_column_inner\"><div id=\"cmsmasters_hover_slider_km4podkcho\" class=\"cmsmasters_hover_slider\" data-thumb-width=\"100\" data-thumb-height=\"60\" data-active-slide=\"1\" data-pause-time=\"5000\" data-pause-on-hover=\"true\"><ul class=\"cmsmasters_hover_slider_items\">\n<li><figure class=\"cmsmasters_hover_slider_full_img\"><img loading=\"lazy\" decoding=\"async\" width=\"860\" height=\"530\" src=\"https:\/\/www.allfive.org\/wp-content\/uploads\/2020\/09\/COVID_Socially_Distanced_Napping-860x530.jpg\" class=\"attachment-post-thumbnail size-post-thumbnail\" alt=\"\" \/><\/figure><\/li><li><figure class=\"cmsmasters_hover_slider_full_img\"><img loading=\"lazy\" decoding=\"async\" width=\"860\" height=\"530\" src=\"https:\/\/www.allfive.org\/wp-content\/uploads\/2020\/09\/4212016AllFive120-860x530.jpg\" class=\"attachment-post-thumbnail size-post-thumbnail\" alt=\"\" \/><\/figure><\/li><li><figure class=\"cmsmasters_hover_slider_full_img\"><img loading=\"lazy\" decoding=\"async\" width=\"860\" height=\"530\" src=\"https:\/\/www.allfive.org\/wp-content\/uploads\/2020\/09\/092016JennaColePhotography116-860x530.jpg\" class=\"attachment-post-thumbnail size-post-thumbnail\" alt=\"\" srcset=\"https:\/\/www.allfive.org\/wp-content\/uploads\/2020\/09\/092016JennaColePhotography116-860x530.jpg 860w, https:\/\/www.allfive.org\/wp-content\/uploads\/2020\/09\/092016JennaColePhotography116-18x12.jpg 18w, https:\/\/www.allfive.org\/wp-content\/uploads\/2020\/09\/092016JennaColePhotography116-24x16.jpg 24w\" sizes=\"auto, (max-width: 860px) 100vw, 860px\" \/><\/figure><\/li><li><figure class=\"cmsmasters_hover_slider_full_img\"><img loading=\"lazy\" decoding=\"async\" width=\"860\" height=\"530\" src=\"https:\/\/www.allfive.org\/wp-content\/uploads\/2020\/09\/092016JennaColePhotography117-860x530.jpg\" class=\"attachment-post-thumbnail size-post-thumbnail\" alt=\"\" srcset=\"https:\/\/www.allfive.org\/wp-content\/uploads\/2020\/09\/092016JennaColePhotography117-860x530.jpg 860w, https:\/\/www.allfive.org\/wp-content\/uploads\/2020\/09\/092016JennaColePhotography117-18x12.jpg 18w, https:\/\/www.allfive.org\/wp-content\/uploads\/2020\/09\/092016JennaColePhotography117-24x16.jpg 24w\" sizes=\"auto, (max-width: 860px) 100vw, 860px\" \/><\/figure><\/li><li><figure class=\"cmsmasters_hover_slider_full_img\"><img loading=\"lazy\" decoding=\"async\" width=\"860\" height=\"530\" src=\"https:\/\/www.allfive.org\/wp-content\/uploads\/2020\/09\/092016JennaColePhotography118-860x530.jpg\" class=\"attachment-post-thumbnail size-post-thumbnail\" alt=\"\" srcset=\"https:\/\/www.allfive.org\/wp-content\/uploads\/2020\/09\/092016JennaColePhotography118-860x530.jpg 860w, https:\/\/www.allfive.org\/wp-content\/uploads\/2020\/09\/092016JennaColePhotography118-18x12.jpg 18w, https:\/\/www.allfive.org\/wp-content\/uploads\/2020\/09\/092016JennaColePhotography118-24x16.jpg 24w\" sizes=\"auto, (max-width: 860px) 100vw, 860px\" \/><\/figure><\/li><\/ul>\n<\/div>\n<\/div><\/div>\n<div id=\"cmsmasters_column_l8v06mqb9k\" class=\"cmsmasters_column one_half\">\n<div class=\"cmsmasters_column_inner\"><div id=\"cmsmasters_heading_z3zps559t2\" class=\"cmsmasters_heading_wrap cmsmasters_heading_align_left\">\n\t<h2 class=\"cmsmasters_heading\">Mejores pr\u00e1cticas<\/h2>\n<\/div><div class=\"cmsmasters_text\">\n<ul>\n<li>We hand wash frequently using best practices.<\/li>\n<li>We teach &amp; practice good hygiene skills to prevent getting and spreading the germs that cause colds.<\/li>\n<li>We require all staff to be vaccinated.<\/li>\n<li>We host vaccine clinics.<\/li>\n<li>We offer lots of outdoor programming.<\/li>\n<li>Our indoor spaces include lots of fresh air.<\/li>\n<li>Masks are always optional.<\/li>\n<\/ul>\n<\/div>\n<\/div><\/div>\n<\/div>\n<\/div>\n<\/div>\n<\/div>\n<\/div>\n<div id=\"cmsmasters_row_cs2jpmugpk\" class=\"cmsmasters_row cmsmasters_color_scheme_default cmsmasters_row_top_default cmsmasters_row_bot_default cmsmasters_row_boxed\">\n<div class=\"cmsmasters_row_outer_parent\">\n<div class=\"cmsmasters_row_outer\">\n<div class=\"cmsmasters_row_inner\">\n<div class=\"cmsmasters_row_margin\">\n<div id=\"cmsmasters_column_e474b5496b\" class=\"cmsmasters_column one_first\">\n<div class=\"cmsmasters_column_inner\"><div id=\"cmsmasters_heading_c7pir1c4ap\" class=\"cmsmasters_heading_wrap cmsmasters_heading_align_center cmsmasters_responsive_align\">\n\t<h2 class=\"cmsmasters_heading\">\u00a1Feliz de ayudar!<\/h2>\n<\/div><div class=\"cmsmasters_text\">\n<h3 style=\"text-align: center;\"><span style=\"font-weight: 400; color: #ffffff;\">No dude en comunicarse con nosotros si tiene alguna pregunta o inquietud.<\/span><\/h3>\n<h3 style=\"text-align: center;\"><span style=\"font-weight: 400; color: #ffffff;\">We look forward to welcoming you and your child into the All Five Family!<\/span><\/h3>\n<\/div>\n<div id=\"cmsmasters_button_hlliwsr7hm\" class=\"button_wrap\"><a href=\"https:\/\/www.allfive.org\/contact-us\/\" class=\"cmsmasters_button\"><span>CONT\u00c1CTENOS<\/span><\/a><\/div>\n<\/div><\/div>\n<\/div>\n<\/div>\n<\/div>\n<\/div>\n<\/div>\n<div id=\"cmsmasters_row_ekporh2fxh\" class=\"cmsmasters_row cmsmasters_color_scheme_default hide cmsmasters_row_top_default cmsmasters_row_bot_default cmsmasters_row_boxed\">\n<div class=\"cmsmasters_row_outer_parent\">\n<div class=\"cmsmasters_row_outer\">\n<div class=\"cmsmasters_row_inner\">\n<div class=\"cmsmasters_row_margin\">\n<div id=\"cmsmasters_column_908dbb5e38\" class=\"cmsmasters_column one_first\">\n<div class=\"cmsmasters_column_inner\"><p><\/p>\n<\/div><\/div>\n<\/div>\n<\/div>\n<\/div>\n<\/div>\n<\/div>","protected":false},"excerpt":{"rendered":"","protected":false},"author":1,"featured_media":19303,"parent":0,"menu_order":0,"comment_status":"closed","ping_status":"closed","template":"","meta":{"footnotes":""},"class_list":["post-16872","page","type-page","status-publish","has-post-thumbnail","hentry"],"_links":{"self":[{"href":"https:\/\/www.allfive.org\/es\/wp-json\/wp\/v2\/pages\/16872","targetHints":{"allow":["GET"]}}],"collection":[{"href":"https:\/\/www.allfive.org\/es\/wp-json\/wp\/v2\/pages"}],"about":[{"href":"https:\/\/www.allfive.org\/es\/wp-json\/wp\/v2\/types\/page"}],"author":[{"embeddable":true,"href":"https:\/\/www.allfive.org\/es\/wp-json\/wp\/v2\/users\/1"}],"replies":[{"embeddable":true,"href":"https:\/\/www.allfive.org\/es\/wp-json\/wp\/v2\/comments?post=16872"}],"version-history":[{"count":11,"href":"https:\/\/www.allfive.org\/es\/wp-json\/wp\/v2\/pages\/16872\/revisions"}],"predecessor-version":[{"id":19305,"href":"https:\/\/www.allfive.org\/es\/wp-json\/wp\/v2\/pages\/16872\/revisions\/19305"}],"wp:featuredmedia":[{"embeddable":true,"href":"https:\/\/www.allfive.org\/es\/wp-json\/wp\/v2\/media\/19303"}],"wp:attachment":[{"href":"https:\/\/www.allfive.org\/es\/wp-json\/wp\/v2\/media?parent=16872"}],"curies":[{"name":"wp","href":"https:\/\/api.w.org\/{rel}","templated":true}]}}